{"id":334,"date":"2016-02-26T11:06:32","date_gmt":"2016-02-26T11:06:32","guid":{"rendered":"http:\/\/bridge14.qodeinteractive.com\/?page_id=334"},"modified":"2024-03-06T18:38:24","modified_gmt":"2024-03-06T17:38:24","slug":"kontakt","status":"publish","type":"page","link":"https:\/\/crarch.pl\/en\/kontakt\/","title":{"rendered":"CONTACT"},"content":{"rendered":"<p>[vc_row row_type=&#8221;row&#8221; use_row_as_full_screen_section=&#8221;no&#8221; type=&#8221;full_width&#8221; angled_section=&#8221;no&#8221; text_align=&#8221;left&#8221; background_image_as_pattern=&#8221;without_pattern&#8221; css_animation=&#8221;&#8221; css=&#8221;.vc_custom_1466681436078{margin-top: 30px !important;}&#8221;][vc_column offset=&#8221;vc_col-lg-8 vc_col-md-8 vc_col-xs-12&#8243;][vc_column_text]<\/p>\n<h2><b>CONTACT<\/b><\/h2>\n<p>&nbsp;<\/p>\n<p><strong>CRARCH sp. z o.o.<\/strong><br \/>\nPowsta\u0144c\u00f3w \u015al\u0105skich 163\/12<br \/>\n53-138 Wroc\u0142aw<\/p>\n<p>&nbsp;<\/p>\n<p>Jakub Rozmuski<br \/>\ntel.:\u00a0 +48 503 106 619<br \/>\ne-mail:<span style=\"color: #000000;\">\u00a0\u00a0<a style=\"color: #000000;\" href=\"mailto:j.rozmuski@crarch.pl\">j.rozmuski@crarch.pl<\/a><\/span><\/p>\n<p>&nbsp;<\/p>\n<p>Aleksandra Chachaj<br \/>\ntel.:\u00a0 +48\u00a0695 562 326<br \/>\ne-mail:<span style=\"color: #000000;\">\u00a0\u00a0ola<a style=\"color: #000000;\" href=\"mailto:j.rozmuski@crarch.pl\">@chachaj.pl<\/a><\/span><\/p>\n<p>&nbsp;<\/p>\n<p>Mateusz Chachaj<br \/>\ntel.:\u00a0 +48\u00a0693 075 670<br \/>\ne-mail:<span style=\"color: #000000;\">\u00a0 mateusz<a style=\"color: #000000;\" href=\"mailto:j.rozmuski@crarch.pl\">@chachaj.pl<\/a><\/span>[\/vc_column_text][\/vc_column][vc_column offset=&#8221;vc_col-lg-4 vc_col-md-4 vc_col-xs-12&#8243;][\/vc_column][\/vc_row]<\/p>\n","protected":false},"excerpt":{"rendered":"<p>[vc_row row_type=&#8221;row&#8221; use_row_as_full_screen_section=&#8221;no&#8221; type=&#8221;full_width&#8221; angled_section=&#8221;no&#8221; text_align=&#8221;left&#8221; background_image_as_pattern=&#8221;without_pattern&#8221; css_animation=&#8221;&#8221; css=&#8221;.vc_custom_1466681436078{margin-top: 30px !important;}&#8221;][vc_column offset=&#8221;vc_col-lg-8 vc_col-md-8 vc_col-xs-12&#8243;][vc_column_text] CONTACT &nbsp; CRARCH sp. z o.o. Powsta\u0144c\u00f3w \u015al\u0105skich 163\/12 53-138 Wroc\u0142aw &nbsp; Jakub Rozmuski tel.:\u00a0 +48 503 106 619 e-mail:\u00a0\u00a0j.rozmuski@crarch.pl &nbsp; Aleksandra Chachaj tel.:\u00a0 +48\u00a0695 562 326 e-mail:\u00a0\u00a0ola@chachaj.pl &nbsp; Mateusz Chachaj&#8230;<\/p>\n","protected":false},"author":1,"featured_media":0,"parent":0,"menu_order":0,"comment_status":"closed","ping_status":"closed","template":"full_width.php","meta":{"footnotes":""},"class_list":["post-334","page","type-page","status-publish","hentry"],"_links":{"self":[{"href":"https:\/\/crarch.pl\/en\/wp-json\/wp\/v2\/pages\/334","targetHints":{"allow":["GET"]}}],"collection":[{"href":"https:\/\/crarch.pl\/en\/wp-json\/wp\/v2\/pages"}],"about":[{"href":"https:\/\/crarch.pl\/en\/wp-json\/wp\/v2\/types\/page"}],"author":[{"embeddable":true,"href":"https:\/\/crarch.pl\/en\/wp-json\/wp\/v2\/users\/1"}],"replies":[{"embeddable":true,"href":"https:\/\/crarch.pl\/en\/wp-json\/wp\/v2\/comments?post=334"}],"version-history":[{"count":16,"href":"https:\/\/crarch.pl\/en\/wp-json\/wp\/v2\/pages\/334\/revisions"}],"predecessor-version":[{"id":839,"href":"https:\/\/crarch.pl\/en\/wp-json\/wp\/v2\/pages\/334\/revisions\/839"}],"wp:attachment":[{"href":"https:\/\/crarch.pl\/en\/wp-json\/wp\/v2\/media?parent=334"}],"curies":[{"name":"wp","href":"https:\/\/api.w.org\/{rel}","templated":true}]}}